{"id":958,"date":"2022-03-15T16:04:09","date_gmt":"2022-03-15T13:04:09","guid":{"rendered":"https:\/\/fiber4silage.kinggeov.space\/conditions-dutilisation\/"},"modified":"2022-08-05T20:18:05","modified_gmt":"2022-08-05T17:18:05","slug":"terms-of-use","status":"publish","type":"page","link":"https:\/\/fiber.progressnet.gr\/fr\/terms-of-use\/","title":{"rendered":"Conditions d\u2019utilisation"},"content":{"rendered":"\n<h2 class=\"wp-block-heading\">Conditions d\u2019utilisation<\/h2>\n\n<p>Mega Plast Industrial &#8211; Exporting S.A., d\u00e9nomm\u00e9e Megaplast, a cr\u00e9\u00e9 le site Web www.fiber4silage.com pour informer ses utilisateurs. L\u2019utilisation du site Web est soumise aux pr\u00e9sentes Conditions g\u00e9n\u00e9rales que les utilisateurs sont pri\u00e9s de lire attentivement et de respecter. L\u2019utilisation de ce site implique l\u2019acceptation inconditionnelle des pr\u00e9sentes conditions g\u00e9n\u00e9rales.<\/p>\n\n<h3 class=\"wp-block-heading\">1. CLAUSE DE NON-RESPONSABILIT\u00c9<\/h3>\n\n<p>1.1. Megaplast d\u00e9cline toute responsabilit\u00e9 envers quiconque et pour tout dommage direct, ou indirect, subs\u00e9quent ou cons\u00e9cutif de quelque nature que ce soit, y compris en cas d\u2019atteinte \u00e0 la personne, d\u00e9coulant de ou r\u00e9sultant de ce site Web ou de toute utilisation de celui-ci ou de tout autre site Web ou toute autre source li\u00e9e \u00e0 ce site Web, de toute r\u00e9f\u00e9rence, ou de la possibilit\u00e9 d\u2019acc\u00e8s via ce site Web, ou de l\u2019utilisation, du t\u00e9l\u00e9chargement ou de la possibilit\u00e9 d\u2019acc\u00e8s \u00e0 toute donn\u00e9e, information, produit ou service, y compris, \u00e0 titre d\u2019exemple et de mani\u00e8re non exhaustive, toute perte de revenus, de programmes logiciels ou de donn\u00e9es, m\u00eame dans le cas o\u00f9 Megaplast a \u00e9t\u00e9 explicitement avertie de la possibilit\u00e9 de tels dommages.<\/p>\n\n<p>1.2. Megaplast ne garantit pas, directement ou indirectement, que le contenu du site sera en tout temps actualis\u00e9, s\u00e9curis\u00e9, exempt d\u2019erreurs, qu\u2019il r\u00e9pondra aux demandes des utilisateurs et que les r\u00e9sultats qui d\u00e9couleront de son utilisation seront fiables, pr\u00e9cis et exempts d\u2019erreurs.<\/p>\n\n<p>1.3. En raison des d\u00e9veloppements en cours, il se peut que les informations contenues dans ce site Web ne soient pas toujours actualis\u00e9es. Aussi, les informations sont fournies \u00ab TELLES QUELLES \u00bb et \u00ab TELLES QUE PUBLI\u00c9ES \u00bb. L\u2019utilisation des informations re\u00e7ues ou enregistr\u00e9es par ou via ce site Web repose exclusivement sur le jugement de l\u2019utilisateur et rel\u00e8ve de sa responsabilit\u00e9. L\u2019utilisateur accepte qu\u2019il ou elle doit \u00e9valuer les contenus, et qu\u2019il ou elle est responsable de tout risque pouvant \u00eatre induit par l\u2019utilisation de tout contenu.<\/p>\n\n<p>1.4 Le contenu de ce site Web ne dispense pas de conseils et ne formule pas de recommandations et ne doit pas \u00eatre consid\u00e9r\u00e9 comme une suggestion pour une d\u00e9cision ou une action, une invitation \u00e0 investir ou g\u00e9n\u00e9ralement \u00e0 prendre part \u00e0 des actions ou autres titres de Megaplast.<\/p>\n\n<h3 class=\"wp-block-heading\">2. CLAUSE DE NON-RESPONSABILIT\u00c9 EN MATI\u00c8RE DE REPRODUCTION<\/h3>\n\n<p>2.1. Les droits d\u2019auteur du contenu de ce site Web, y compris, sans s\u2019y limiter, tous les documents, fichiers, textes, images, graphiques, pi\u00e8ces jointes et le code qui y est inclus ainsi que la repr\u00e9sentation g\u00e9n\u00e9rale du site Web, constituent des marques de Megaplast, sauf indication contraire, et sont prot\u00e9g\u00e9s par les dispositions pertinentes du droit grec, du droit de l\u2019UE et\/ou du droit international.<\/p>\n\n<p>2.2. Tous les noms de produits mentionn\u00e9s dans ce site Web constituent des marques d\u00e9pos\u00e9es de Megaplast.<\/p>\n\n<p>2.3. Megaplast autorise les utilisateurs \u00e0 copier et \u00e0 imprimer des r\u00e9sum\u00e9s ou des documents de ce site Web en vue d\u2019une utilisation non commerciale de leur c\u00f4t\u00e9, \u00e0 condition que toute copie ou r\u00e9sum\u00e9 de ces documents ou pages obtenus maintiennent toutes les mentions de droits d\u2019auteur ou autres mentions de droit de propri\u00e9t\u00e9 et toute clause de non-responsabilit\u00e9 qui y figure. Tous les logos et marques de Megaplast ne peuvent \u00eatre utilis\u00e9s ou reproduits sans le consentement \u00e9crit pr\u00e9alable de Megaplast.<\/p>\n\n<h3 class=\"wp-block-heading\">3. MODIFICATIONS APPORT\u00c9ES SUR LE SITE WEB<\/h3>\n\n<p>Megaplast se r\u00e9serve le droit de modifier ou de retirer une partie ou l\u2019ensemble du site Web \u00e0 tout moment sans pr\u00e9avis. Toute modification sera effective \u00e0 la prochaine visite de l\u2019utilisateur sur le site Web. Les utilisateurs de ce site Web ne peuvent pr\u00e9tendre \u00e0 aucune indemnisation suite \u00e0 l\u2019impossibilit\u00e9 d\u2019utiliser les services propos\u00e9s par le site Web.<\/p>\n\n<p>Tous les autres droits sont r\u00e9serv\u00e9s.<\/p>\n","protected":false},"excerpt":{"rendered":"<p>Conditions d\u2019utilisation Mega Plast Industrial &#8211; Exporting S.A., d\u00e9nomm\u00e9e Megaplast, a cr\u00e9\u00e9 le site Web www.fiber4silage.com pour informer ses utilisateurs. L\u2019utilisation du site Web est soumise aux pr\u00e9sentes Conditions g\u00e9n\u00e9rales que les utilisateurs sont pri\u00e9s de lire attentivement et de respecter. L\u2019utilisation de ce site implique l\u2019acceptation inconditionnelle des pr\u00e9sentes conditions g\u00e9n\u00e9rales. 1. CLAUSE DE [&hellip;]<\/p>\n","protected":false},"author":1,"featured_media":876,"parent":0,"menu_order":0,"comment_status":"closed","ping_status":"closed","template":"","meta":{"footnotes":""},"class_list":["post-958","page","type-page","status-publish","has-post-thumbnail","hentry"],"yoast_head":"<!-- This site is optimized with the Yoast SEO plugin v27.4 - https:\/\/yoast.com\/product\/yoast-seo-wordpress\/ -->\n<title>Fiber4silage<\/title>\n<meta name=\"robots\" content=\"noindex, follow, max-snippet:-1, max-image-preview:large, max-video-preview:-1\" \/>\n<meta property=\"og:locale\" content=\"fr_FR\" \/>\n<meta property=\"og:type\" content=\"article\" \/>\n<meta property=\"og:site_name\" content=\"Fiber4silage\" \/>\n<meta property=\"og:image\" content=\"https:\/\/fiber.progressnet.gr\/wp-content\/uploads\/2022\/03\/og_image.png\" \/>\n\t<meta property=\"og:image:width\" content=\"1200\" \/>\n\t<meta property=\"og:image:height\" content=\"600\" \/>\n\t<meta property=\"og:image:type\" content=\"image\/png\" \/>\n<meta name=\"twitter:card\" content=\"summary_large_image\" \/>\n<script type=\"application\/ld+json\" class=\"yoast-schema-graph\">{\"@context\":\"https:\\\/\\\/schema.org\",\"@graph\":[{\"@type\":\"CollectionPage\",\"@id\":null,\"url\":\"\",\"name\":\"\",\"isPartOf\":{\"@id\":\"https:\\\/\\\/fiber.progressnet.gr\\\/fr\\\/#website\"},\"inLanguage\":\"fr-FR\"},{\"@type\":\"WebSite\",\"@id\":\"https:\\\/\\\/fiber.progressnet.gr\\\/fr\\\/#website\",\"url\":\"https:\\\/\\\/fiber.progressnet.gr\\\/fr\\\/\",\"name\":\"Fiber4silage\",\"description\":\"\u0386\u03bb\u03bb\u03bf\u03c2 \u03ad\u03bd\u03b1\u03c2 \u03b9\u03c3\u03c4\u03cc\u03c4\u03bf\u03c0\u03bf\u03c2 WordPress\",\"publisher\":{\"@id\":\"https:\\\/\\\/fiber.progressnet.gr\\\/fr\\\/#organization\"},\"potentialAction\":[{\"@type\":\"SearchAction\",\"target\":{\"@type\":\"EntryPoint\",\"urlTemplate\":\"https:\\\/\\\/fiber.progressnet.gr\\\/fr\\\/?s={search_term_string}\"},\"query-input\":{\"@type\":\"PropertyValueSpecification\",\"valueRequired\":true,\"valueName\":\"search_term_string\"}}],\"inLanguage\":\"fr-FR\"},{\"@type\":\"Organization\",\"@id\":\"https:\\\/\\\/fiber.progressnet.gr\\\/fr\\\/#organization\",\"name\":\"Fiber4silage\",\"url\":\"https:\\\/\\\/fiber.progressnet.gr\\\/fr\\\/\",\"logo\":{\"@type\":\"ImageObject\",\"inLanguage\":\"fr-FR\",\"@id\":\"https:\\\/\\\/fiber.progressnet.gr\\\/fr\\\/#\\\/schema\\\/logo\\\/image\\\/\",\"url\":\"https:\\\/\\\/fiber.progressnet.gr\\\/wp-content\\\/uploads\\\/2022\\\/01\\\/Group-19608.png\",\"contentUrl\":\"https:\\\/\\\/fiber.progressnet.gr\\\/wp-content\\\/uploads\\\/2022\\\/01\\\/Group-19608.png\",\"width\":269,\"height\":54,\"caption\":\"Fiber4silage\"},\"image\":{\"@id\":\"https:\\\/\\\/fiber.progressnet.gr\\\/fr\\\/#\\\/schema\\\/logo\\\/image\\\/\"}}]}<\/script>\n<!-- \/ Yoast SEO plugin. -->","yoast_head_json":{"title":"Fiber4silage","robots":{"index":"noindex","follow":"follow","max-snippet":"max-snippet:-1","max-image-preview":"max-image-preview:large","max-video-preview":"max-video-preview:-1"},"og_locale":"fr_FR","og_type":"article","og_site_name":"Fiber4silage","og_image":[{"width":1200,"height":600,"url":"https:\/\/fiber.progressnet.gr\/wp-content\/uploads\/2022\/03\/og_image.png","type":"image\/png"}],"twitter_card":"summary_large_image","schema":{"@context":"https:\/\/schema.org","@graph":[{"@type":"CollectionPage","@id":null,"url":"","name":"","isPartOf":{"@id":"https:\/\/fiber.progressnet.gr\/fr\/#website"},"inLanguage":"fr-FR"},{"@type":"WebSite","@id":"https:\/\/fiber.progressnet.gr\/fr\/#website","url":"https:\/\/fiber.progressnet.gr\/fr\/","name":"Fiber4silage","description":"\u0386\u03bb\u03bb\u03bf\u03c2 \u03ad\u03bd\u03b1\u03c2 \u03b9\u03c3\u03c4\u03cc\u03c4\u03bf\u03c0\u03bf\u03c2 WordPress","publisher":{"@id":"https:\/\/fiber.progressnet.gr\/fr\/#organization"},"potentialAction":[{"@type":"SearchAction","target":{"@type":"EntryPoint","urlTemplate":"https:\/\/fiber.progressnet.gr\/fr\/?s={search_term_string}"},"query-input":{"@type":"PropertyValueSpecification","valueRequired":true,"valueName":"search_term_string"}}],"inLanguage":"fr-FR"},{"@type":"Organization","@id":"https:\/\/fiber.progressnet.gr\/fr\/#organization","name":"Fiber4silage","url":"https:\/\/fiber.progressnet.gr\/fr\/","logo":{"@type":"ImageObject","inLanguage":"fr-FR","@id":"https:\/\/fiber.progressnet.gr\/fr\/#\/schema\/logo\/image\/","url":"https:\/\/fiber.progressnet.gr\/wp-content\/uploads\/2022\/01\/Group-19608.png","contentUrl":"https:\/\/fiber.progressnet.gr\/wp-content\/uploads\/2022\/01\/Group-19608.png","width":269,"height":54,"caption":"Fiber4silage"},"image":{"@id":"https:\/\/fiber.progressnet.gr\/fr\/#\/schema\/logo\/image\/"}}]}},"_links":{"self":[{"href":"https:\/\/fiber.progressnet.gr\/fr\/wp-json\/wp\/v2\/pages\/958","targetHints":{"allow":["GET"]}}],"collection":[{"href":"https:\/\/fiber.progressnet.gr\/fr\/wp-json\/wp\/v2\/pages"}],"about":[{"href":"https:\/\/fiber.progressnet.gr\/fr\/wp-json\/wp\/v2\/types\/page"}],"author":[{"embeddable":true,"href":"https:\/\/fiber.progressnet.gr\/fr\/wp-json\/wp\/v2\/users\/1"}],"replies":[{"embeddable":true,"href":"https:\/\/fiber.progressnet.gr\/fr\/wp-json\/wp\/v2\/comments?post=958"}],"version-history":[{"count":1,"href":"https:\/\/fiber.progressnet.gr\/fr\/wp-json\/wp\/v2\/pages\/958\/revisions"}],"predecessor-version":[{"id":959,"href":"https:\/\/fiber.progressnet.gr\/fr\/wp-json\/wp\/v2\/pages\/958\/revisions\/959"}],"wp:featuredmedia":[{"embeddable":true,"href":"https:\/\/fiber.progressnet.gr\/fr\/wp-json\/wp\/v2\/media\/876"}],"wp:attachment":[{"href":"https:\/\/fiber.progressnet.gr\/fr\/wp-json\/wp\/v2\/media?parent=958"}],"curies":[{"name":"wp","href":"https:\/\/api.w.org\/{rel}","templated":true}]}}