{"id":924,"date":"2022-02-10T13:47:22","date_gmt":"2022-02-10T10:47:22","guid":{"rendered":"https:\/\/fiber4silage.kinggeov.space\/guide-de-lutilisateur\/"},"modified":"2022-10-11T09:50:07","modified_gmt":"2022-10-11T06:50:07","slug":"user-guide","status":"publish","type":"page","link":"https:\/\/fiber.progressnet.gr\/fr\/user-guide\/","title":{"rendered":"GUIDE DE L\u2019UTILISATEUR"},"content":{"rendered":"\n<h1 class=\"wp-block-heading\" id=\"application\">APPLICATION &#8211; GUIDE DE L\u2019UTILISATEUR<\/h1>\n\n<p>Les donn\u00e9es ci-dessous sont applicables au film \u00e9tirable  <strong>Fiber4Silage<sup>TM<\/sup><\/strong> stretch film <span class=\"blue\"><strong>PRIME<\/strong><\/span> utilis\u00e9 pour l\u2019enrubannage de balles rondes ou carr\u00e9es \u00e0 fourrage humide permettant ainsi le processus de fermentation ana\u00e9robie n\u00e9cessaire \u00e0 la production de l\u2019ensilage.<\/p>\n\n<p>Ce film ne doit pas \u00eatre utilis\u00e9 \u00e0 d\u2019autres fins et doit \u00eatre retir\u00e9 des champs apr\u00e8s utilisation.<\/p>\n","protected":false},"excerpt":{"rendered":"<p>APPLICATION &#8211; GUIDE DE L\u2019UTILISATEUR Les donn\u00e9es ci-dessous sont applicables au film \u00e9tirable Fiber4SilageTM stretch film PRIME utilis\u00e9 pour l\u2019enrubannage de balles rondes ou carr\u00e9es \u00e0 fourrage humide permettant ainsi le processus de fermentation ana\u00e9robie n\u00e9cessaire \u00e0 la production de l\u2019ensilage. Ce film ne doit pas \u00eatre utilis\u00e9 \u00e0 d\u2019autres fins et doit \u00eatre retir\u00e9 [&hellip;]<\/p>\n","protected":false},"author":1,"featured_media":820,"parent":0,"menu_order":0,"comment_status":"closed","ping_status":"closed","template":"page-user-guide.php","meta":{"footnotes":""},"class_list":["post-924","page","type-page","status-publish","has-post-thumbnail","hentry"],"yoast_head":"<!-- This site is optimized with the Yoast SEO plugin v27.4 - https:\/\/yoast.com\/product\/yoast-seo-wordpress\/ -->\n<title>Fiber4silage<\/title>\n<meta name=\"robots\" content=\"noindex, follow, max-snippet:-1, max-image-preview:large, max-video-preview:-1\" \/>\n<meta property=\"og:locale\" content=\"fr_FR\" \/>\n<meta property=\"og:type\" content=\"article\" \/>\n<meta property=\"og:site_name\" content=\"Fiber4silage\" \/>\n<meta property=\"og:image\" content=\"https:\/\/fiber.progressnet.gr\/wp-content\/uploads\/2022\/03\/og_image.png\" \/>\n\t<meta property=\"og:image:width\" content=\"1200\" \/>\n\t<meta property=\"og:image:height\" content=\"600\" \/>\n\t<meta property=\"og:image:type\" content=\"image\/png\" \/>\n<meta name=\"twitter:card\" content=\"summary_large_image\" \/>\n<script type=\"application\/ld+json\" class=\"yoast-schema-graph\">{\"@context\":\"https:\\\/\\\/schema.org\",\"@graph\":[{\"@type\":\"CollectionPage\",\"@id\":null,\"url\":\"\",\"name\":\"\",\"isPartOf\":{\"@id\":\"https:\\\/\\\/fiber.progressnet.gr\\\/fr\\\/#website\"},\"inLanguage\":\"fr-FR\"},{\"@type\":\"WebSite\",\"@id\":\"https:\\\/\\\/fiber.progressnet.gr\\\/fr\\\/#website\",\"url\":\"https:\\\/\\\/fiber.progressnet.gr\\\/fr\\\/\",\"name\":\"Fiber4silage\",\"description\":\"\u0386\u03bb\u03bb\u03bf\u03c2 \u03ad\u03bd\u03b1\u03c2 \u03b9\u03c3\u03c4\u03cc\u03c4\u03bf\u03c0\u03bf\u03c2 WordPress\",\"publisher\":{\"@id\":\"https:\\\/\\\/fiber.progressnet.gr\\\/fr\\\/#organization\"},\"potentialAction\":[{\"@type\":\"SearchAction\",\"target\":{\"@type\":\"EntryPoint\",\"urlTemplate\":\"https:\\\/\\\/fiber.progressnet.gr\\\/fr\\\/?s={search_term_string}\"},\"query-input\":{\"@type\":\"PropertyValueSpecification\",\"valueRequired\":true,\"valueName\":\"search_term_string\"}}],\"inLanguage\":\"fr-FR\"},{\"@type\":\"Organization\",\"@id\":\"https:\\\/\\\/fiber.progressnet.gr\\\/fr\\\/#organization\",\"name\":\"Fiber4silage\",\"url\":\"https:\\\/\\\/fiber.progressnet.gr\\\/fr\\\/\",\"logo\":{\"@type\":\"ImageObject\",\"inLanguage\":\"fr-FR\",\"@id\":\"https:\\\/\\\/fiber.progressnet.gr\\\/fr\\\/#\\\/schema\\\/logo\\\/image\\\/\",\"url\":\"https:\\\/\\\/fiber.progressnet.gr\\\/wp-content\\\/uploads\\\/2022\\\/01\\\/Group-19608.png\",\"contentUrl\":\"https:\\\/\\\/fiber.progressnet.gr\\\/wp-content\\\/uploads\\\/2022\\\/01\\\/Group-19608.png\",\"width\":269,\"height\":54,\"caption\":\"Fiber4silage\"},\"image\":{\"@id\":\"https:\\\/\\\/fiber.progressnet.gr\\\/fr\\\/#\\\/schema\\\/logo\\\/image\\\/\"}}]}<\/script>\n<!-- \/ Yoast SEO plugin. -->","yoast_head_json":{"title":"Fiber4silage","robots":{"index":"noindex","follow":"follow","max-snippet":"max-snippet:-1","max-image-preview":"max-image-preview:large","max-video-preview":"max-video-preview:-1"},"og_locale":"fr_FR","og_type":"article","og_site_name":"Fiber4silage","og_image":[{"width":1200,"height":600,"url":"https:\/\/fiber.progressnet.gr\/wp-content\/uploads\/2022\/03\/og_image.png","type":"image\/png"}],"twitter_card":"summary_large_image","schema":{"@context":"https:\/\/schema.org","@graph":[{"@type":"CollectionPage","@id":null,"url":"","name":"","isPartOf":{"@id":"https:\/\/fiber.progressnet.gr\/fr\/#website"},"inLanguage":"fr-FR"},{"@type":"WebSite","@id":"https:\/\/fiber.progressnet.gr\/fr\/#website","url":"https:\/\/fiber.progressnet.gr\/fr\/","name":"Fiber4silage","description":"\u0386\u03bb\u03bb\u03bf\u03c2 \u03ad\u03bd\u03b1\u03c2 \u03b9\u03c3\u03c4\u03cc\u03c4\u03bf\u03c0\u03bf\u03c2 WordPress","publisher":{"@id":"https:\/\/fiber.progressnet.gr\/fr\/#organization"},"potentialAction":[{"@type":"SearchAction","target":{"@type":"EntryPoint","urlTemplate":"https:\/\/fiber.progressnet.gr\/fr\/?s={search_term_string}"},"query-input":{"@type":"PropertyValueSpecification","valueRequired":true,"valueName":"search_term_string"}}],"inLanguage":"fr-FR"},{"@type":"Organization","@id":"https:\/\/fiber.progressnet.gr\/fr\/#organization","name":"Fiber4silage","url":"https:\/\/fiber.progressnet.gr\/fr\/","logo":{"@type":"ImageObject","inLanguage":"fr-FR","@id":"https:\/\/fiber.progressnet.gr\/fr\/#\/schema\/logo\/image\/","url":"https:\/\/fiber.progressnet.gr\/wp-content\/uploads\/2022\/01\/Group-19608.png","contentUrl":"https:\/\/fiber.progressnet.gr\/wp-content\/uploads\/2022\/01\/Group-19608.png","width":269,"height":54,"caption":"Fiber4silage"},"image":{"@id":"https:\/\/fiber.progressnet.gr\/fr\/#\/schema\/logo\/image\/"}}]}},"_links":{"self":[{"href":"https:\/\/fiber.progressnet.gr\/fr\/wp-json\/wp\/v2\/pages\/924","targetHints":{"allow":["GET"]}}],"collection":[{"href":"https:\/\/fiber.progressnet.gr\/fr\/wp-json\/wp\/v2\/pages"}],"about":[{"href":"https:\/\/fiber.progressnet.gr\/fr\/wp-json\/wp\/v2\/types\/page"}],"author":[{"embeddable":true,"href":"https:\/\/fiber.progressnet.gr\/fr\/wp-json\/wp\/v2\/users\/1"}],"replies":[{"embeddable":true,"href":"https:\/\/fiber.progressnet.gr\/fr\/wp-json\/wp\/v2\/comments?post=924"}],"version-history":[{"count":3,"href":"https:\/\/fiber.progressnet.gr\/fr\/wp-json\/wp\/v2\/pages\/924\/revisions"}],"predecessor-version":[{"id":1438,"href":"https:\/\/fiber.progressnet.gr\/fr\/wp-json\/wp\/v2\/pages\/924\/revisions\/1438"}],"wp:featuredmedia":[{"embeddable":true,"href":"https:\/\/fiber.progressnet.gr\/fr\/wp-json\/wp\/v2\/media\/820"}],"wp:attachment":[{"href":"https:\/\/fiber.progressnet.gr\/fr\/wp-json\/wp\/v2\/media?parent=924"}],"curies":[{"name":"wp","href":"https:\/\/api.w.org\/{rel}","templated":true}]}}