{"id":737,"date":"2022-02-10T13:47:22","date_gmt":"2022-02-10T10:47:22","guid":{"rendered":"https:\/\/fiber4silage.dope.studio\/benutzerhandbuch\/"},"modified":"2022-10-11T09:49:43","modified_gmt":"2022-10-11T06:49:43","slug":"user-guide","status":"publish","type":"page","link":"https:\/\/fiber.progressnet.gr\/de\/user-guide\/","title":{"rendered":"BENUTZERHANDBUCH"},"content":{"rendered":"\n<h1 class=\"wp-block-heading\" id=\"application\">ANWENDUNG &#8211; BENUTZERHANDBUCH<\/h1>\n\n<p>Die nachstehenden Angaben gelten f\u00fcr die <strong>Fiber4Silage<sup>TM<\/sup><\/strong> -Stretchfolie  <span class=\"blue\"><strong>PRIME<\/strong><\/span>, , die zum Wickeln von Rund- oder Quaderballen aus Feuchtfutter verwendet wird und auf diese Weise den f\u00fcr die Herstellung von Silage erforderlichen anaeroben G\u00e4rungsprozess erm\u00f6glicht.<\/p>\n\n<p>Diese Folie darf nicht f\u00fcr andere Zwecke verwendet werden und muss nach Gebrauch von den Feldern entfernt werden.<\/p>\n","protected":false},"excerpt":{"rendered":"<p>ANWENDUNG &#8211; BENUTZERHANDBUCH Die nachstehenden Angaben gelten f\u00fcr die Fiber4SilageTM -Stretchfolie PRIME, , die zum Wickeln von Rund- oder Quaderballen aus Feuchtfutter verwendet wird und auf diese Weise den f\u00fcr die Herstellung von Silage erforderlichen anaeroben G\u00e4rungsprozess erm\u00f6glicht. Diese Folie darf nicht f\u00fcr andere Zwecke verwendet werden und muss nach Gebrauch von den Feldern entfernt [&hellip;]<\/p>\n","protected":false},"author":1,"featured_media":497,"parent":0,"menu_order":0,"comment_status":"closed","ping_status":"closed","template":"page-user-guide.php","meta":{"footnotes":""},"class_list":["post-737","page","type-page","status-publish","has-post-thumbnail","hentry"],"yoast_head":"<!-- This site is optimized with the Yoast SEO plugin v27.4 - https:\/\/yoast.com\/product\/yoast-seo-wordpress\/ -->\n<title>Fiber4silage<\/title>\n<meta name=\"robots\" content=\"noindex, follow, max-snippet:-1, max-image-preview:large, max-video-preview:-1\" \/>\n<meta property=\"og:locale\" content=\"de_DE\" \/>\n<meta property=\"og:type\" content=\"article\" \/>\n<meta property=\"og:site_name\" content=\"Fiber4silage\" \/>\n<meta property=\"og:image\" content=\"https:\/\/fiber.progressnet.gr\/wp-content\/uploads\/2022\/03\/og_image.png\" \/>\n\t<meta property=\"og:image:width\" content=\"1200\" \/>\n\t<meta property=\"og:image:height\" content=\"600\" \/>\n\t<meta property=\"og:image:type\" content=\"image\/png\" \/>\n<meta name=\"twitter:card\" content=\"summary_large_image\" \/>\n<script type=\"application\/ld+json\" class=\"yoast-schema-graph\">{\"@context\":\"https:\\\/\\\/schema.org\",\"@graph\":[{\"@type\":\"CollectionPage\",\"@id\":null,\"url\":\"\",\"name\":\"\",\"isPartOf\":{\"@id\":\"https:\\\/\\\/fiber.progressnet.gr\\\/de\\\/#website\"},\"inLanguage\":\"de\"},{\"@type\":\"WebSite\",\"@id\":\"https:\\\/\\\/fiber.progressnet.gr\\\/de\\\/#website\",\"url\":\"https:\\\/\\\/fiber.progressnet.gr\\\/de\\\/\",\"name\":\"Fiber4silage\",\"description\":\"\u0386\u03bb\u03bb\u03bf\u03c2 \u03ad\u03bd\u03b1\u03c2 \u03b9\u03c3\u03c4\u03cc\u03c4\u03bf\u03c0\u03bf\u03c2 WordPress\",\"publisher\":{\"@id\":\"https:\\\/\\\/fiber.progressnet.gr\\\/de\\\/#organization\"},\"potentialAction\":[{\"@type\":\"SearchAction\",\"target\":{\"@type\":\"EntryPoint\",\"urlTemplate\":\"https:\\\/\\\/fiber.progressnet.gr\\\/de\\\/?s={search_term_string}\"},\"query-input\":{\"@type\":\"PropertyValueSpecification\",\"valueRequired\":true,\"valueName\":\"search_term_string\"}}],\"inLanguage\":\"de\"},{\"@type\":\"Organization\",\"@id\":\"https:\\\/\\\/fiber.progressnet.gr\\\/de\\\/#organization\",\"name\":\"Fiber4silage\",\"url\":\"https:\\\/\\\/fiber.progressnet.gr\\\/de\\\/\",\"logo\":{\"@type\":\"ImageObject\",\"inLanguage\":\"de\",\"@id\":\"https:\\\/\\\/fiber.progressnet.gr\\\/de\\\/#\\\/schema\\\/logo\\\/image\\\/\",\"url\":\"https:\\\/\\\/fiber.progressnet.gr\\\/wp-content\\\/uploads\\\/2022\\\/01\\\/Group-19608.png\",\"contentUrl\":\"https:\\\/\\\/fiber.progressnet.gr\\\/wp-content\\\/uploads\\\/2022\\\/01\\\/Group-19608.png\",\"width\":269,\"height\":54,\"caption\":\"Fiber4silage\"},\"image\":{\"@id\":\"https:\\\/\\\/fiber.progressnet.gr\\\/de\\\/#\\\/schema\\\/logo\\\/image\\\/\"}}]}<\/script>\n<!-- \/ Yoast SEO plugin. -->","yoast_head_json":{"title":"Fiber4silage","robots":{"index":"noindex","follow":"follow","max-snippet":"max-snippet:-1","max-image-preview":"max-image-preview:large","max-video-preview":"max-video-preview:-1"},"og_locale":"de_DE","og_type":"article","og_site_name":"Fiber4silage","og_image":[{"width":1200,"height":600,"url":"https:\/\/fiber.progressnet.gr\/wp-content\/uploads\/2022\/03\/og_image.png","type":"image\/png"}],"twitter_card":"summary_large_image","schema":{"@context":"https:\/\/schema.org","@graph":[{"@type":"CollectionPage","@id":null,"url":"","name":"","isPartOf":{"@id":"https:\/\/fiber.progressnet.gr\/de\/#website"},"inLanguage":"de"},{"@type":"WebSite","@id":"https:\/\/fiber.progressnet.gr\/de\/#website","url":"https:\/\/fiber.progressnet.gr\/de\/","name":"Fiber4silage","description":"\u0386\u03bb\u03bb\u03bf\u03c2 \u03ad\u03bd\u03b1\u03c2 \u03b9\u03c3\u03c4\u03cc\u03c4\u03bf\u03c0\u03bf\u03c2 WordPress","publisher":{"@id":"https:\/\/fiber.progressnet.gr\/de\/#organization"},"potentialAction":[{"@type":"SearchAction","target":{"@type":"EntryPoint","urlTemplate":"https:\/\/fiber.progressnet.gr\/de\/?s={search_term_string}"},"query-input":{"@type":"PropertyValueSpecification","valueRequired":true,"valueName":"search_term_string"}}],"inLanguage":"de"},{"@type":"Organization","@id":"https:\/\/fiber.progressnet.gr\/de\/#organization","name":"Fiber4silage","url":"https:\/\/fiber.progressnet.gr\/de\/","logo":{"@type":"ImageObject","inLanguage":"de","@id":"https:\/\/fiber.progressnet.gr\/de\/#\/schema\/logo\/image\/","url":"https:\/\/fiber.progressnet.gr\/wp-content\/uploads\/2022\/01\/Group-19608.png","contentUrl":"https:\/\/fiber.progressnet.gr\/wp-content\/uploads\/2022\/01\/Group-19608.png","width":269,"height":54,"caption":"Fiber4silage"},"image":{"@id":"https:\/\/fiber.progressnet.gr\/de\/#\/schema\/logo\/image\/"}}]}},"_links":{"self":[{"href":"https:\/\/fiber.progressnet.gr\/de\/wp-json\/wp\/v2\/pages\/737","targetHints":{"allow":["GET"]}}],"collection":[{"href":"https:\/\/fiber.progressnet.gr\/de\/wp-json\/wp\/v2\/pages"}],"about":[{"href":"https:\/\/fiber.progressnet.gr\/de\/wp-json\/wp\/v2\/types\/page"}],"author":[{"embeddable":true,"href":"https:\/\/fiber.progressnet.gr\/de\/wp-json\/wp\/v2\/users\/1"}],"replies":[{"embeddable":true,"href":"https:\/\/fiber.progressnet.gr\/de\/wp-json\/wp\/v2\/comments?post=737"}],"version-history":[{"count":3,"href":"https:\/\/fiber.progressnet.gr\/de\/wp-json\/wp\/v2\/pages\/737\/revisions"}],"predecessor-version":[{"id":1437,"href":"https:\/\/fiber.progressnet.gr\/de\/wp-json\/wp\/v2\/pages\/737\/revisions\/1437"}],"wp:featuredmedia":[{"embeddable":true,"href":"https:\/\/fiber.progressnet.gr\/de\/wp-json\/wp\/v2\/media\/497"}],"wp:attachment":[{"href":"https:\/\/fiber.progressnet.gr\/de\/wp-json\/wp\/v2\/media?parent=737"}],"curies":[{"name":"wp","href":"https:\/\/api.w.org\/{rel}","templated":true}]}}