{"id":705,"date":"2022-03-15T16:04:09","date_gmt":"2022-03-15T13:04:09","guid":{"rendered":"https:\/\/fiber4silage.dope.studio\/nutzungsbedingungen\/"},"modified":"2022-08-05T20:18:01","modified_gmt":"2022-08-05T17:18:01","slug":"terms-of-use","status":"publish","type":"page","link":"https:\/\/fiber.progressnet.gr\/de\/terms-of-use\/","title":{"rendered":"Nutzungsbedingungen"},"content":{"rendered":"\n<h2 class=\"wp-block-heading\">Nutzungsbedingungen<\/h2>\n\n<p>Mega Plast Industrial \u2013 Exporting S.A., nachfolgend Megaplast, hat die Website www.fiber4silage.com erstellt, um seinen Benutzern Informationen bereitzustellen. Die Nutzung der Website unterliegt den vorliegenden Bedingungen, die der Benutzer sorgf\u00e4ltig lesen und einhalten muss. Die Nutzung dieser Website setzt die unbedingte Annahme der vorliegenden allgemeinen Gesch\u00e4ftsbedingungen voraus.<\/p>\n\n<h3 class=\"wp-block-heading\">1. HAFTUNGSAUSSCHLUSS<\/h3>\n\n<p>1.1. Megaplast haftet in keinem Fall gegen\u00fcber Dritten oder f\u00fcr direkte oder indirekte Sch\u00e4den oder Folgesch\u00e4den jeglicher Art, einschlie\u00dflich der Beeintr\u00e4chtigung pers\u00f6nlicher Befindlichkeiten, die sich aus oder als Folge dieser Website oder ihrer Nutzung oder einer anderen Website oder einer anderen Quelle, die mit dieser Website verbunden sind, ergeben, oder f\u00fcr die M\u00f6glichkeit des Zugriffs \u00fcber die aktuelle Website oder f\u00fcr die Nutzung, das Herunterladen oder die M\u00f6glichkeit des Zugriffs auf Daten, Informationen, Produkte oder Dienstleistungen, insbesondere Umsatzverluste, Verlust von Softwareprogrammen oder Daten, selbst wenn Megaplast ausdr\u00fccklich auf die M\u00f6glichkeit solcher Sch\u00e4den hingewiesen wurde.<\/p>\n\n<p>1.2. Megaplast garantiert weder direkt noch indirekt, dass der Inhalt der Website jederzeit auf dem neuesten Stand, sicher und fehlerfrei ist, den Anforderungen der Benutzer entspricht und dass die Ergebnisse, die sich aus der Nutzung ergeben, zuverl\u00e4ssig, genau und fehlerfrei sind.<\/p>\n\n<p>1.3. Aufgrund st\u00e4ndiger Entwicklungen sind die auf dieser Website enthaltenen Informationen m\u00f6glicherweise nicht immer auf dem neuesten Stand; aus diesem Grund werden die Informationen ohne M\u00e4ngelgew\u00e4hr und wie ver\u00f6ffentlicht bereitgestellt. Die Verwendung von Informationen, die von oder \u00fcber diese(r) Website empfangen oder gespeichert werden, unterliegt ausschlie\u00dflich dem Urteilsverm\u00f6gen des Benutzers und seiner Verantwortung. Der Benutzer akzeptiert, dass er die Inhalte bewerten muss und dass er f\u00fcr jedes Risiko verantwortlich ist, das sich aus der Nutzung der Inhalte ergeben kann.<\/p>\n\n<p>1.4 Der Inhalt dieser Website stellt keine Beratung und keine Empfehlung dar und ist auch nicht als Anregung f\u00fcr eine Entscheidung oder Handlung, als Aufforderung zur Investition oder allgemein zur Beteiligung an Aktien oder anderen Wertpapieren von Megaplast zu verstehen.<\/p>\n\n<h3 class=\"wp-block-heading\">2. VERVIELF\u00c4LTIGUNGSAUSSCHLUSS<\/h3>\n\n<p>2.1. Die Urheberrechte am Inhalt dieser Website, insbesondere alle Dokumente, Dateien, Texte, Bilder, Grafiken, Anh\u00e4nge und die darin enthaltenen Codes sowie die allgemeine Darstellung der Website, sind, sofern nicht anders angegeben, Marken von Megaplast und durch die einschl\u00e4gigen Bestimmungen des griechischen EU-Rechts und\/oder des internationalen Rechts gesch\u00fctzt.<\/p>\n\n<p>2.2. Alle auf dieser Website genannten Produktnamen sind Marken von Megaplast.<\/p>\n\n<p>2.3. Megaplast gestattet den Benutzern das Kopieren und Ausdrucken von Kurzdarstellungen oder Dokumenten dieser Website f\u00fcr den nicht-kommerziellen Gebrauch auf ihrer Seite, vorausgesetzt, dass in allen Kopien oder Ausz\u00fcgen solcher Dokumente oder Seiten alle Urheberrechte oder andere Eigentumsrechte und alle darin enthaltenen Haftungsausschl\u00fcsse beibehalten werden. Alle Logos und Marken von Megaplast d\u00fcrfen ohne vorherige schriftliche Zustimmung von Megaplast nicht verwendet oder reproduziert werden.<\/p>\n\n<h3 class=\"wp-block-heading\">3. \u00c4NDERUNGEN AUF DER WEBSITE<\/h3>\n\n<p>Megaplast beh\u00e4lt sich das Recht vor, Teile der Website oder die gesamte Website jederzeit und ohne vorherige Ank\u00fcndigung zu \u00e4ndern oder zur\u00fcckzuziehen. Alle \u00c4nderungen werden mit dem n\u00e4chsten Besuch des Benutzers auf der Website wirksam. Die Benutzer dieser Website haben keinen Anspruch auf Entsch\u00e4digung, wenn sie die auf der Website angebotenen Dienste nicht nutzen k\u00f6nnen.<\/p>\n\n<p>Alle anderen Rechte sind vorbehalten.<\/p>\n","protected":false},"excerpt":{"rendered":"<p>Nutzungsbedingungen Mega Plast Industrial \u2013 Exporting S.A., nachfolgend Megaplast, hat die Website www.fiber4silage.com erstellt, um seinen Benutzern Informationen bereitzustellen. Die Nutzung der Website unterliegt den vorliegenden Bedingungen, die der Benutzer sorgf\u00e4ltig lesen und einhalten muss. Die Nutzung dieser Website setzt die unbedingte Annahme der vorliegenden allgemeinen Gesch\u00e4ftsbedingungen voraus. 1. HAFTUNGSAUSSCHLUSS 1.1. Megaplast haftet in keinem [&hellip;]<\/p>\n","protected":false},"author":1,"featured_media":653,"parent":0,"menu_order":0,"comment_status":"closed","ping_status":"closed","template":"","meta":{"footnotes":""},"class_list":["post-705","page","type-page","status-publish","has-post-thumbnail","hentry"],"yoast_head":"<!-- This site is optimized with the Yoast SEO plugin v27.4 - https:\/\/yoast.com\/product\/yoast-seo-wordpress\/ -->\n<title>Fiber4silage<\/title>\n<meta name=\"robots\" content=\"noindex, follow, max-snippet:-1, max-image-preview:large, max-video-preview:-1\" \/>\n<meta property=\"og:locale\" content=\"de_DE\" \/>\n<meta property=\"og:type\" content=\"article\" \/>\n<meta property=\"og:site_name\" content=\"Fiber4silage\" \/>\n<meta property=\"og:image\" content=\"https:\/\/fiber.progressnet.gr\/wp-content\/uploads\/2022\/03\/og_image.png\" \/>\n\t<meta property=\"og:image:width\" content=\"1200\" \/>\n\t<meta property=\"og:image:height\" content=\"600\" \/>\n\t<meta property=\"og:image:type\" content=\"image\/png\" \/>\n<meta name=\"twitter:card\" content=\"summary_large_image\" \/>\n<script type=\"application\/ld+json\" class=\"yoast-schema-graph\">{\"@context\":\"https:\\\/\\\/schema.org\",\"@graph\":[{\"@type\":\"CollectionPage\",\"@id\":null,\"url\":\"\",\"name\":\"\",\"isPartOf\":{\"@id\":\"https:\\\/\\\/fiber.progressnet.gr\\\/de\\\/#website\"},\"inLanguage\":\"de\"},{\"@type\":\"WebSite\",\"@id\":\"https:\\\/\\\/fiber.progressnet.gr\\\/de\\\/#website\",\"url\":\"https:\\\/\\\/fiber.progressnet.gr\\\/de\\\/\",\"name\":\"Fiber4silage\",\"description\":\"\u0386\u03bb\u03bb\u03bf\u03c2 \u03ad\u03bd\u03b1\u03c2 \u03b9\u03c3\u03c4\u03cc\u03c4\u03bf\u03c0\u03bf\u03c2 WordPress\",\"publisher\":{\"@id\":\"https:\\\/\\\/fiber.progressnet.gr\\\/de\\\/#organization\"},\"potentialAction\":[{\"@type\":\"SearchAction\",\"target\":{\"@type\":\"EntryPoint\",\"urlTemplate\":\"https:\\\/\\\/fiber.progressnet.gr\\\/de\\\/?s={search_term_string}\"},\"query-input\":{\"@type\":\"PropertyValueSpecification\",\"valueRequired\":true,\"valueName\":\"search_term_string\"}}],\"inLanguage\":\"de\"},{\"@type\":\"Organization\",\"@id\":\"https:\\\/\\\/fiber.progressnet.gr\\\/de\\\/#organization\",\"name\":\"Fiber4silage\",\"url\":\"https:\\\/\\\/fiber.progressnet.gr\\\/de\\\/\",\"logo\":{\"@type\":\"ImageObject\",\"inLanguage\":\"de\",\"@id\":\"https:\\\/\\\/fiber.progressnet.gr\\\/de\\\/#\\\/schema\\\/logo\\\/image\\\/\",\"url\":\"https:\\\/\\\/fiber.progressnet.gr\\\/wp-content\\\/uploads\\\/2022\\\/01\\\/Group-19608.png\",\"contentUrl\":\"https:\\\/\\\/fiber.progressnet.gr\\\/wp-content\\\/uploads\\\/2022\\\/01\\\/Group-19608.png\",\"width\":269,\"height\":54,\"caption\":\"Fiber4silage\"},\"image\":{\"@id\":\"https:\\\/\\\/fiber.progressnet.gr\\\/de\\\/#\\\/schema\\\/logo\\\/image\\\/\"}}]}<\/script>\n<!-- \/ Yoast SEO plugin. -->","yoast_head_json":{"title":"Fiber4silage","robots":{"index":"noindex","follow":"follow","max-snippet":"max-snippet:-1","max-image-preview":"max-image-preview:large","max-video-preview":"max-video-preview:-1"},"og_locale":"de_DE","og_type":"article","og_site_name":"Fiber4silage","og_image":[{"width":1200,"height":600,"url":"https:\/\/fiber.progressnet.gr\/wp-content\/uploads\/2022\/03\/og_image.png","type":"image\/png"}],"twitter_card":"summary_large_image","schema":{"@context":"https:\/\/schema.org","@graph":[{"@type":"CollectionPage","@id":null,"url":"","name":"","isPartOf":{"@id":"https:\/\/fiber.progressnet.gr\/de\/#website"},"inLanguage":"de"},{"@type":"WebSite","@id":"https:\/\/fiber.progressnet.gr\/de\/#website","url":"https:\/\/fiber.progressnet.gr\/de\/","name":"Fiber4silage","description":"\u0386\u03bb\u03bb\u03bf\u03c2 \u03ad\u03bd\u03b1\u03c2 \u03b9\u03c3\u03c4\u03cc\u03c4\u03bf\u03c0\u03bf\u03c2 WordPress","publisher":{"@id":"https:\/\/fiber.progressnet.gr\/de\/#organization"},"potentialAction":[{"@type":"SearchAction","target":{"@type":"EntryPoint","urlTemplate":"https:\/\/fiber.progressnet.gr\/de\/?s={search_term_string}"},"query-input":{"@type":"PropertyValueSpecification","valueRequired":true,"valueName":"search_term_string"}}],"inLanguage":"de"},{"@type":"Organization","@id":"https:\/\/fiber.progressnet.gr\/de\/#organization","name":"Fiber4silage","url":"https:\/\/fiber.progressnet.gr\/de\/","logo":{"@type":"ImageObject","inLanguage":"de","@id":"https:\/\/fiber.progressnet.gr\/de\/#\/schema\/logo\/image\/","url":"https:\/\/fiber.progressnet.gr\/wp-content\/uploads\/2022\/01\/Group-19608.png","contentUrl":"https:\/\/fiber.progressnet.gr\/wp-content\/uploads\/2022\/01\/Group-19608.png","width":269,"height":54,"caption":"Fiber4silage"},"image":{"@id":"https:\/\/fiber.progressnet.gr\/de\/#\/schema\/logo\/image\/"}}]}},"_links":{"self":[{"href":"https:\/\/fiber.progressnet.gr\/de\/wp-json\/wp\/v2\/pages\/705","targetHints":{"allow":["GET"]}}],"collection":[{"href":"https:\/\/fiber.progressnet.gr\/de\/wp-json\/wp\/v2\/pages"}],"about":[{"href":"https:\/\/fiber.progressnet.gr\/de\/wp-json\/wp\/v2\/types\/page"}],"author":[{"embeddable":true,"href":"https:\/\/fiber.progressnet.gr\/de\/wp-json\/wp\/v2\/users\/1"}],"replies":[{"embeddable":true,"href":"https:\/\/fiber.progressnet.gr\/de\/wp-json\/wp\/v2\/comments?post=705"}],"version-history":[{"count":1,"href":"https:\/\/fiber.progressnet.gr\/de\/wp-json\/wp\/v2\/pages\/705\/revisions"}],"predecessor-version":[{"id":706,"href":"https:\/\/fiber.progressnet.gr\/de\/wp-json\/wp\/v2\/pages\/705\/revisions\/706"}],"wp:featuredmedia":[{"embeddable":true,"href":"https:\/\/fiber.progressnet.gr\/de\/wp-json\/wp\/v2\/media\/653"}],"wp:attachment":[{"href":"https:\/\/fiber.progressnet.gr\/de\/wp-json\/wp\/v2\/media?parent=705"}],"curies":[{"name":"wp","href":"https:\/\/api.w.org\/{rel}","templated":true}]}}